{"id":9,"date":"2025-03-27T13:22:48","date_gmt":"2025-03-27T12:22:48","guid":{"rendered":"https:\/\/web.gymnasedebussigny.ch\/danse-passion\/?page_id=9"},"modified":"2025-03-27T13:22:48","modified_gmt":"2025-03-27T12:22:48","slug":"biographie","status":"publish","type":"page","link":"https:\/\/web.gymnasedebussigny.ch\/danse-passion\/biographie\/","title":{"rendered":"Biographie"},"content":{"rendered":"\n<p><\/p>\n\n\n\n<p><\/p>\n\n\n\n<div class=\"wp-block-columns is-layout-flex wp-container-core-columns-is-layout-28f84493 wp-block-columns-is-layout-flex\">\n<div class=\"wp-block-column is-layout-flow wp-block-column-is-layout-flow\" style=\"flex-basis:100%\">\n<blockquote class=\"wp-block-quote is-layout-flow wp-block-quote-is-layout-flow\">\n<p>\u00ab\u00a0J&rsquo;ai toujours voulu rassembl\u00e9s les passionn\u00e9s  de  danse et ainsi cr\u00e9er des opportunit\u00e9s de rencontre et d&rsquo;\u00e9change  autour de cette discipl<strong>ine <\/strong>qui a toujours fais partie de ma vie. \u00a0\u00bb <\/p>\n<\/blockquote>\n<\/div>\n<\/div>\n\n\n\n<div class=\"wp-block-columns is-style-section-1 is-layout-flex wp-container-core-columns-is-layout-28f84493 wp-block-columns-is-layout-flex is-style-section-1--1\">\n<div class=\"wp-block-column is-layout-flow wp-block-column-is-layout-flow\">\n<h5 class=\"wp-block-heading has-text-align-right\">\u00a0\u00bb Marine Smith \u00ab\u00a0<\/h5>\n<\/div>\n<\/div>\n\n\n\n<div class=\"wp-block-columns is-layout-flex wp-container-core-columns-is-layout-28f84493 wp-block-columns-is-layout-flex\">\n<div class=\"wp-block-column is-layout-flow wp-block-column-is-layout-flow\">\n<h3 class=\"wp-block-heading\">Son enfance <\/h3>\n<\/div>\n<\/div>\n\n\n\n<p class=\"has-small-font-size\">Marine Smith est n\u00e9 le 12 avril 1995 \u00e0 Canne dans le sud de la France dans un milieu assez modeste. Malgr\u00e9 ces conditions de vie parfois difficile, ses parents ont toujours fais le maximum pour subvenir aux besoins de leur fille unique. En \u00e9tant entour\u00e9 de parents artiste dont sa m\u00e8re elle m\u00eame danseuse, son int\u00e9r\u00eat pour la danse n&rsquo;a fais que grandir depuis son plus jeune \u00e2ge. C&rsquo;est ainsi que pour ses 5 ans sa m\u00e8re l&rsquo;a inscrite \u00e0 son tout premier cours de danse dans l&rsquo;\u00e9cole \u00a0\u00bb\u00a0<em>Le P\u00f4le National Sup\u00e9rieur de Danse Rosella Hightower<\/em>  \u00ab\u00a0.     <\/p>\n\n\n\n<h3 class=\"wp-block-heading\">Sa carri\u00e8re <\/h3>\n\n\n\n<p class=\"has-small-font-size\">La jeune danseuse a ainsi poursuivi son cursus dans cette \u00e9cole jusqu&rsquo;\u00e0 l&rsquo;\u00e2ge de 18 ans afin de se diriger vers d&rsquo;autres \u00e9coles. Elle a donc participer a plusieurs auditions dans des \u00e9coles de danse tout plus prestigieuse les unes que les autres avec succ\u00e8s. <\/p>\n\n\n\n<p class=\"has-small-font-size\">Marine a alors du faire un choix et s&rsquo;est orient\u00e9 vers \u00e9cole de danse de l&rsquo;Op\u00e9ra national de Paris ou elle a pu obtenir de nombreux r\u00f4les qui l&rsquo;a projeter sur le devant de la sc\u00e8ne tout en faisant d\u00e9coller sa carri\u00e8re. <\/p>\n\n\n\n<p class=\"has-small-font-size\">En 2018, 10 ans apr\u00e8s son ent\u00e9e dans l&rsquo;\u00e9cole, la jeune danseuse a \u00e9t\u00e9 promu danseuse \u00e9toile apr\u00e8s son r\u00f4le dans la belle au bois dormant en compagnie de Charle Evans, son partenaire de danse. Depuis, elle a \u00e9t\u00e9 engag\u00e9e dans plusieurs association de la danse tout en poursuivant sa carri\u00e8re \u00e0 l&rsquo;Op\u00e9ra national de Paris. <\/p>\n","protected":false},"excerpt":{"rendered":"<p>\u00ab\u00a0J&rsquo;ai toujours voulu rassembl\u00e9s les passionn\u00e9s de danse et ainsi cr\u00e9er des opportunit\u00e9s de rencontre et d&rsquo;\u00e9change autour de cette discipline qui a toujours fais partie de ma vie. \u00a0\u00bb \u00a0\u00bb Marine Smith \u00ab\u00a0 Son enfance Marine Smith est n\u00e9 le 12 avril 1995 \u00e0 Canne dans le sud de la France dans un milieu [&hellip;]<\/p>\n","protected":false},"author":8,"featured_media":0,"parent":0,"menu_order":0,"comment_status":"closed","ping_status":"closed","template":"","meta":{"footnotes":""},"class_list":["post-9","page","type-page","status-publish","hentry"],"_links":{"self":[{"href":"https:\/\/web.gymnasedebussigny.ch\/danse-passion\/wp-json\/wp\/v2\/pages\/9","targetHints":{"allow":["GET"]}}],"collection":[{"href":"https:\/\/web.gymnasedebussigny.ch\/danse-passion\/wp-json\/wp\/v2\/pages"}],"about":[{"href":"https:\/\/web.gymnasedebussigny.ch\/danse-passion\/wp-json\/wp\/v2\/types\/page"}],"author":[{"embeddable":true,"href":"https:\/\/web.gymnasedebussigny.ch\/danse-passion\/wp-json\/wp\/v2\/users\/8"}],"replies":[{"embeddable":true,"href":"https:\/\/web.gymnasedebussigny.ch\/danse-passion\/wp-json\/wp\/v2\/comments?post=9"}],"version-history":[{"count":2,"href":"https:\/\/web.gymnasedebussigny.ch\/danse-passion\/wp-json\/wp\/v2\/pages\/9\/revisions"}],"predecessor-version":[{"id":13,"href":"https:\/\/web.gymnasedebussigny.ch\/danse-passion\/wp-json\/wp\/v2\/pages\/9\/revisions\/13"}],"wp:attachment":[{"href":"https:\/\/web.gymnasedebussigny.ch\/danse-passion\/wp-json\/wp\/v2\/media?parent=9"}],"curies":[{"name":"wp","href":"https:\/\/api.w.org\/{rel}","templated":true}]}}