{"id":34,"date":"2025-04-04T19:02:22","date_gmt":"2025-04-04T17:02:22","guid":{"rendered":"https:\/\/web.gymnasedebussigny.ch\/danse-passion\/?page_id=34"},"modified":"2025-04-05T10:29:26","modified_gmt":"2025-04-05T08:29:26","slug":"inscriptions","status":"publish","type":"page","link":"https:\/\/web.gymnasedebussigny.ch\/danse-passion\/inscriptions\/","title":{"rendered":"Inscriptions"},"content":{"rendered":"\n<p><\/p>\n\n\n\n<p class=\"has-text-align-center\">Voici les prochains \u00e9v\u00e8nements du monde de la danse \u00e0 l&rsquo;international<\/p>\n\n\n\n<p><\/p>\n\n\n\n\n\n<p><\/p>\n\n\n\n<h2 class=\"wp-block-heading\">\u00c0 remplir : <\/h2>\n\n\n\n<figure class=\"wp-block-table\"><table class=\"has-fixed-layout\"><thead><tr><th class=\"has-text-align-center\" data-align=\"center\">Events<\/th><th class=\"has-text-align-center\" data-align=\"center\">Pr\u00e9noms<br>Noms<\/th><th class=\"has-text-align-center\" data-align=\"center\">\u00c2ge <\/th><th class=\"has-text-align-center\" data-align=\"center\">Cours <\/th><th class=\"has-text-align-center\" data-align=\"center\">Niveau<\/th><\/tr><\/thead><tbody><tr><td class=\"has-text-align-center\" data-align=\"center\">Dance free<\/td><td class=\"has-text-align-center\" data-align=\"center\"><\/td><td class=\"has-text-align-center\" data-align=\"center\"><\/td><td class=\"has-text-align-center\" data-align=\"center\"><\/td><td class=\"has-text-align-center\" data-align=\"center\"><\/td><\/tr><tr><td class=\"has-text-align-center\" data-align=\"center\">Let&rsquo;s dance<\/td><td class=\"has-text-align-center\" data-align=\"center\"><\/td><td class=\"has-text-align-center\" data-align=\"center\"><\/td><td class=\"has-text-align-center\" data-align=\"center\"><\/td><td class=\"has-text-align-center\" data-align=\"center\"><\/td><\/tr><tr><td class=\"has-text-align-center\" data-align=\"center\">Global Dance Open <\/td><td class=\"has-text-align-center\" data-align=\"center\"><\/td><td class=\"has-text-align-center\" data-align=\"center\"><\/td><td class=\"has-text-align-center\" data-align=\"center\"><\/td><td class=\"has-text-align-center\" data-align=\"center\"><\/td><\/tr><\/tbody><\/table><\/figure>\n\n\n\n<p class=\"has-medium-font-size\">Merci de bien vouloir nous envoyer nous envoyer un formulaire comportant ces informations \u00e0 notre adresse mail:<\/p>\n\n\n\n<p class=\"has-medium-font-size\">Il y a \u00e9galement des informations suppl\u00e9mentaire sur notre compte Instagram : <\/p>\n\n\n\n<div class=\"wp-block-group alignfull has-global-padding is-layout-constrained wp-block-group-is-layout-constrained\" style=\"margin-top:0;margin-bottom:0;padding-top:var(--wp--preset--spacing--50);padding-bottom:var(--wp--preset--spacing--50)\">\n<div class=\"wp-block-group alignwide has-global-padding is-layout-constrained wp-block-group-is-layout-constrained\">\n<h2 class=\"wp-block-heading alignfull has-text-align-left has-xx-large-font-size\">Comment nous contacter<\/h2>\n\n\n\n<div class=\"wp-block-group alignwide is-layout-grid wp-container-core-group-is-layout-5b5f6092 wp-block-group-is-layout-grid\" style=\"border-top-color:var(--wp--preset--color--accent-4);border-top-width:1px;margin-top:var(--wp--preset--spacing--50);padding-top:var(--wp--preset--spacing--60);padding-bottom:var(--wp--preset--spacing--60)\">\n<div class=\"wp-block-group wp-container-content-30ce9d60 is-vertical is-layout-flex wp-container-core-group-is-layout-fe9cc265 wp-block-group-is-layout-flex\">\n<h3 class=\"wp-block-heading has-medium-font-size\" style=\"font-style:normal;font-weight:700\">R\u00e9seaux sociaux<\/h3>\n\n\n<nav class=\"has-medium-font-size  is-vertical wp-block-navigation is-layout-flex wp-container-core-navigation-is-layout-98bb686d wp-block-navigation-is-layout-flex\" aria-label=\"Navigation 2\"><ul class=\"wp-block-navigation__container has-medium-font-size  is-vertical wp-block-navigation has-medium-font-size\"><li class=\"has-medium-font-size wp-block-navigation-item wp-block-navigation-link\"><a class=\"wp-block-navigation-item__content\"  href=\"#\"><span class=\"wp-block-navigation-item__label\">Instagram : Danse.passion<\/span><\/a><\/li><\/ul><\/nav>\n\n\n<h3 class=\"wp-block-heading has-medium-font-size\" style=\"font-style:normal;font-weight:700\">E-mail<\/h3>\n\n\n\n<p class=\"has-medium-font-size\">Danse.inscription@gmail.com<\/p>\n<\/div>\n<\/div>\n<\/div>\n<\/div>\n","protected":false},"excerpt":{"rendered":"<p>Voici les prochains \u00e9v\u00e8nements du monde de la danse \u00e0 l&rsquo;international \u00c0 remplir : Events Pr\u00e9nomsNoms \u00c2ge Cours Niveau Dance free Let&rsquo;s dance Global Dance Open Merci de bien vouloir nous envoyer nous envoyer un formulaire comportant ces informations \u00e0 notre adresse mail: Il y a \u00e9galement des informations suppl\u00e9mentaire sur notre compte Instagram : [&hellip;]<\/p>\n","protected":false},"author":8,"featured_media":0,"parent":0,"menu_order":0,"comment_status":"closed","ping_status":"closed","template":"","meta":{"footnotes":""},"class_list":["post-34","page","type-page","status-publish","hentry"],"_links":{"self":[{"href":"https:\/\/web.gymnasedebussigny.ch\/danse-passion\/wp-json\/wp\/v2\/pages\/34","targetHints":{"allow":["GET"]}}],"collection":[{"href":"https:\/\/web.gymnasedebussigny.ch\/danse-passion\/wp-json\/wp\/v2\/pages"}],"about":[{"href":"https:\/\/web.gymnasedebussigny.ch\/danse-passion\/wp-json\/wp\/v2\/types\/page"}],"author":[{"embeddable":true,"href":"https:\/\/web.gymnasedebussigny.ch\/danse-passion\/wp-json\/wp\/v2\/users\/8"}],"replies":[{"embeddable":true,"href":"https:\/\/web.gymnasedebussigny.ch\/danse-passion\/wp-json\/wp\/v2\/comments?post=34"}],"version-history":[{"count":4,"href":"https:\/\/web.gymnasedebussigny.ch\/danse-passion\/wp-json\/wp\/v2\/pages\/34\/revisions"}],"predecessor-version":[{"id":59,"href":"https:\/\/web.gymnasedebussigny.ch\/danse-passion\/wp-json\/wp\/v2\/pages\/34\/revisions\/59"}],"wp:attachment":[{"href":"https:\/\/web.gymnasedebussigny.ch\/danse-passion\/wp-json\/wp\/v2\/media?parent=34"}],"curies":[{"name":"wp","href":"https:\/\/api.w.org\/{rel}","templated":true}]}}